{"id":26059,"date":"2019-08-02T12:27:19","date_gmt":"2019-08-02T17:27:19","guid":{"rendered":"https:\/\/ottawa.loveyourrug.ca\/modalites-et-conditions\/"},"modified":"2022-11-22T05:01:35","modified_gmt":"2022-11-22T10:01:35","slug":"modalites-et-conditions","status":"publish","type":"page","link":"https:\/\/ottawa.loveyourrug.ca\/fr\/modalites-et-conditions\/","title":{"rendered":"Modalit\u00e9s et conditions"},"content":{"rendered":"\t\t<div data-elementor-type=\"wp-post\" data-elementor-id=\"26059\" class=\"elementor elementor-26059 elementor-6825\" data-elementor-post-type=\"page\">\n\t\t\t\t\t\t<section class=\"elementor-section elementor-top-section elementor-element elementor-element-8033074 privacy-content elementor-section-boxed elementor-section-height-default elementor-section-height-default\" data-id=\"8033074\" data-element_type=\"section\" data-e-type=\"section\">\n\t\t\t\t\t\t<div class=\"elementor-container elementor-column-gap-default\">\n\t\t\t\t\t<div class=\"elementor-column elementor-col-100 elementor-top-column elementor-element elementor-element-91a7b03\" data-id=\"91a7b03\" data-element_type=\"column\" data-e-type=\"column\">\n\t\t\t<div class=\"elementor-widget-wrap elementor-element-populated\">\n\t\t\t\t\t\t<div class=\"elementor-element elementor-element-c3e861a elementor-widget elementor-widget-text-editor\" data-id=\"c3e861a\" data-element_type=\"widget\" data-e-type=\"widget\" data-widget_type=\"text-editor.default\">\n\t\t\t\t<div class=\"elementor-widget-container\">\n\t\t\t\t\t\t\t\t\t\n          <h3>TABLE DES MATI\u00c8RES<\/h3>\n          <p>Pour nous assurer que nous pouvons fournir un environnement s\u00fbr et convivial \u00e0 tous nos utilisateurs, nous avons \u00e9tabli les pr\u00e9sentes CONDITIONS G\u00c9N\u00c9RALES. Il pr\u00e9cise ce que vous pouvez attendre de nous et ce que nous pouvons attendre de vous. VEUILLEZ LIRE ATTENTIVEMENT LES PR\u00c9SENTES CONDITIONS G\u00c9N\u00c9RALES AVANT D&rsquo;UTILISER CE SITE WEB. ILS SONT JURIDIQUEMENT CONTRAIGNANTS POUR VOUS.<\/p>\n          <p>En utilisant ce site Web, vous signifiez votre accord avec les pr\u00e9sentes conditions g\u00e9n\u00e9rales. Nous nous r\u00e9servons le droit, \u00e0 notre discr\u00e9tion, de modifier, ajouter ou supprimer des parties de ces conditions \u00e0 tout moment. Veuillez v\u00e9rifier p\u00e9riodiquement si ces conditions ont \u00e9t\u00e9 modifi\u00e9es.<\/p>\n          <h3>CONDITIONS G\u00c9N\u00c9RALES DE LA GARANTIE DES PRIX LES PLUS BAS<\/h3>\n          <p>1.0 Love Your Rug Cleaning Ottawa offre \u00e0 ses clients d\u00e9taillants (les pr\u00e9sentes conditions ne s&rsquo;appliquent pas aux clients non d\u00e9taillants) les \u00a0\u00bb prix les plus bas \u00a0\u00bb et la \u00a0\u00bb garantie des prix les plus bas \u00a0\u00bb annonc\u00e9s sur ottawa.loveyourrug.ca pour les services suivants :<\/p>\n          <ol>\n            <li style=\"list-style-type: none;\">\n              <ol>\n                <li>nettoyage de tapis<\/li>\n                <li>r\u00e9paration de tapis<\/li>\n              <\/ol>\n            <\/li>\n          <\/ol>\n          <p>1.02 Love Your Rug Cleaning Ottawa offrira les prix les plus bas pour les deux services susmentionn\u00e9s dans les zones g\u00e9ographiques suivantes :<br>Ontario ainsi que dans tout autre lieu g\u00e9ographique pr\u00e9cis\u00e9 sur notre site Web <a href=\"https:\/\/ottawa.loveyourrug.ca\/fr\/\">ottawa.loveyourrug.ca<\/a>.<\/p>\n          <p>1.03 \u00ab\u00a0Prix les plus bas\u00a0\u00bb et \u00ab\u00a0Garantie des prix les plus bas\u00a0\u00bb sont des termes interchangeables et les m\u00eames conditions s&rsquo;appliquent aux deux. Par souci de simplicit\u00e9, dans le pr\u00e9sent document, nous utiliserons le terme \u00a0\u00bb Prix les plus bas \u00a0\u00bb pour d\u00e9signer les \u00a0\u00bb Prix les plus bas \u00a0\u00bb et\/ou la \u00a0\u00bb Garantie des prix les plus bas \u00ab\u00a0. Les \u00ab\u00a0prix les plus bas\u00a0\u00bb sont d\u00e9finis comme \u00e9tant un prix inf\u00e9rieur, de quelque montant que ce soit, \u00e0 tout autre prix annonc\u00e9 par d&rsquo;autres entreprises de nettoyage et de r\u00e9paration de tapis dans les lieux g\u00e9ographiques sp\u00e9cifi\u00e9s \u00e0 la section 1.02 qui proposent  <em>\n  <u>des services de qualit\u00e9 comparable<\/u>\n<\/em> (tel que sp\u00e9cifi\u00e9 dans la section 1.04) que Love Your Rug Cleaning Ottawa.<\/p>\n          <p>1.04 Afin de remplir la condition d&rsquo;\u00eatre consid\u00e9r\u00e9 <em>\n  <u>services de qualit\u00e9 comparable<\/u>\n<\/em> les services offerts par d&rsquo;autres entreprises concurrentes de nettoyage et de r\u00e9paration de tapis doivent correspondre \u00e0 la qualit\u00e9 des services offerts par Love Your Rug Cleaning Ottawa. Afin de respecter la qualit\u00e9 des services offerts par Love Your Rug Cleaning Ottawa, le prestataire de services concurrent doit :<br>a) utiliser des machines automatiques de nettoyage de tapis de qualit\u00e9 comparable \u00e0 celle de Love Your Rug Cleaning Ottawa. Les prestataires de services qui proposent des services de nettoyage manuel ne seront pas consid\u00e9r\u00e9s comme offrant un nettoyage aussi efficace que nos syst\u00e8mes Henta de pointe.<br>b) utiliser une machine \u00e0 d\u00e9poussi\u00e9rer les tapis pour enlever toute la poussi\u00e8re et la salet\u00e9. Le d\u00e9poussi\u00e9rage \u00e0 la main ne remplit pas les conditions requises.<br>c) utiliser une centrifugeuse \u00e0 tapis pour \u00e9vacuer toute l&rsquo;eau et l&rsquo;humidit\u00e9 du tapis. Les vidanges manuelles et autres vidanges sans machine ne remplissent pas cette condition.<\/p>\n          <p>1.05 Le prospect doit pr\u00e9senter les preuves suivantes \u00e0 ottawa@loveyourrug.ca pour pouvoir b\u00e9n\u00e9ficier de l&rsquo;offre contest\u00e9e :<br>a) un scan ou une capture d&rsquo;\u00e9cran de la publicit\u00e9 o\u00f9 les prix concurrents sont clairement annonc\u00e9s.<br>b) un scan, une capture d&rsquo;\u00e9cran ou un transfert d&rsquo;e-mail du prix propos\u00e9 \u00e0 partir de l&rsquo;e-mail officiel de la soci\u00e9t\u00e9 concurrente. Les adresses \u00e9lectroniques des entreprises utilisant Hotmail, Gmail, Yahoo ou tout autre compte de messagerie g\u00e9n\u00e9rique ne seront pas accept\u00e9es. L&rsquo;e-mail doit provenir du domaine du site web de l&rsquo;entreprise concurrente. Par exemple, un courriel de Love Your Rug Cleaning Ottawa serait ottawa@loveyourrug.ca.<\/p>\n          <h3>CONDITIONS DE GARANTIE OU DE CAUTIONNEMENT<\/h3>\n          <p>1.06 Love Your Rug Cleaning Ottawa offre une \u00a0\u00bb garantie de remboursement \u00a0\u00bb et une \u00a0\u00bb garantie de satisfaction \u00e0 100 % \u00a0\u00bb pour les services suivants :<\/p>\n          <ol>\n            <li style=\"list-style-type: none;\">\n              <ol>\n                <li>nettoyage de tapis<\/li>\n                <li>r\u00e9paration de tapis<\/li>\n              <\/ol>\n            <\/li>\n          <\/ol>\n          <p>1.07 Les m\u00eames conditions s&rsquo;appliquent \u00e0 la \u00ab\u00a0garantie de remboursement\u00a0\u00bb et \u00e0 la \u00ab\u00a0garantie de satisfaction \u00e0 100 %\u00a0\u00bb. Ces deux garanties sont interchangeables et consid\u00e9r\u00e9es comme ayant la m\u00eame signification. Par souci de simplicit\u00e9, dans le pr\u00e9sent document, nous utiliserons le terme \u00a0\u00bb garantie de remboursement \u00a0\u00bb pour d\u00e9signer la \u00a0\u00bb garantie de remboursement \u00a0\u00bb et\/ou la \u00a0\u00bb garantie de satisfaction \u00e0 100 % \u00ab\u00a0.<\/p>\n          <p>1.08 Dans le cas o\u00f9 le client n&rsquo;est pas satisfait \u00e0 100% des services offerts par Love Your Rug Cleaning Ottawa, Love Your Rug Cleaning Ottawa remboursera le prix d&rsquo;achat total des produits ou services annonc\u00e9s \u00e0 la demande du consommateur, si la demande du client r\u00e9pond aux conditions suivantes :<\/p>\n          <ol>\n            <li style=\"list-style-type: none;\">\n              <ol>\n                <li>Apr\u00e8s avoir fourni les services sp\u00e9cifi\u00e9s \u00e0 la section 1.06, Love Your Rug Cleaning Ottawa emballe et entrepose les tapis dans son service sp\u00e9cialis\u00e9 d&rsquo;entreposage de tapis sans humidit\u00e9. Les tapis doivent \u00eatre r\u00e9cup\u00e9r\u00e9s dans les 20 jours. Le client sera contact\u00e9 par t\u00e9l\u00e9phone lorsque les tapis seront pr\u00eats \u00e0 \u00eatre enlev\u00e9s, le compte \u00e0 rebours de 20 jours commen\u00e7ant alors.<\/li>\n                <li>Love Your Rug Cleaning Ottawa tentera de contacter le client <strong>deux fois<\/strong> dans les 30 jours.<\/li>\n                <li>Apr\u00e8s les 30 jours, Love Your Rug Cleaning Ottawa n&rsquo;est pas responsable des articles laiss\u00e9s sur place.<\/li>\n                <li>Si les tapis ne sont pas r\u00e9cup\u00e9r\u00e9s apr\u00e8s les 20 jours, la \u00ab\u00a0garantie de remboursement\u00a0\u00bb devient nulle.<\/li>\n                <li>Si le client r\u00e9cup\u00e8re les tapis dans les 20 jours, il doit les d\u00e9baller de l&#8217;emballage plastique dans la <strong>journ\u00e9e<\/strong> suivant la r\u00e9cup\u00e9ration, afin de s&rsquo;assurer que les tapis sentent frais et n&rsquo;accumulent pas de bact\u00e9ries et de champignons. Si le client ne d\u00e9balle pas le tapis dans un d\u00e9lai d&rsquo;un jour apr\u00e8s l&rsquo;enl\u00e8vement, la \u00ab\u00a0garantie de remboursement\u00a0\u00bb devient nulle.<\/li>\n                <li>Si le client n&rsquo;est pas satisfait des services offerts par Love Your Rug Cleaning Ottawa, apr\u00e8s avoir r\u00e9cup\u00e9r\u00e9 les tapis nettoy\u00e9s ou r\u00e9par\u00e9s, il dispose d&rsquo;un d\u00e9lai de <strong>7 \u00e0 10 jours<\/strong> pour demander la \u00ab\u00a0garantie de remboursement\u00a0\u00bb. Si 7 \u00e0 10 jours se sont \u00e9coul\u00e9s apr\u00e8s que le client a r\u00e9cup\u00e9r\u00e9 son ou ses tapis, la garantie est annul\u00e9e.<\/li>\n              <\/ol>\n            <\/li>\n          <\/ol>\n          <h3>\n            <strong>Conditions de prise en charge et de livraison<\/strong>\n          <\/h3>\n          <p>1.09 Love Your Rug Cleaning Ottawa offre une fen\u00eatre de ramassage et de livraison de 4 \u00e0 7 heures pour ses services de nettoyage et de r\u00e9paration. Des frais de 27,50 $ plus taxes seront factur\u00e9s en cas de ramassage ou de livraison non effectu\u00e9e.<\/p>\n          <h3>\u00ab\u00a0LES PLUS GRANDS NETTOYEURS DE TAPIS DE G.T.A.\u00a0\u00bb ET \u00ab\u00a0LA PLUS GRANDE INSTALLATION DE NETTOYAGE DE TAPIS DE L&rsquo;ONTRARIO\u00a0\u00bb.<\/h3>\n          <p>1.10 Les expressions \u00a0\u00bb plus grande installation de nettoyage de tapis \u00a0\u00bb ou \u00a0\u00bb plus grand nettoyeur de tapis \u00a0\u00bb sont interchangeables et font uniquement r\u00e9f\u00e9rence \u00e0 la taille physique de l&rsquo;usine de nettoyage et de r\u00e9paration de tapis situ\u00e9e au 2340, boulevard Saint-Laurent, Ottawa, ON K1G 6E3.<\/p>\n          <p>1.11 Love Your Rug Cleaning Ottawa est une entreprise de nettoyage et de r\u00e9paration de tapis de 10 000 pieds carr\u00e9s situ\u00e9e \u00e0 Ottawa (Ontario). Selon une recherche ind\u00e9pendante men\u00e9e par Love Your Rug Cleaning Ottawa, il n&rsquo;y a pas d&rsquo;autres entreprises individuelles de nettoyage et de r\u00e9paration de tapis de plus de 10 000 pieds carr\u00e9s dans l&rsquo;une des zones g\u00e9ographiques pr\u00e9cis\u00e9es \u00e0 l&rsquo;article 1.02 et annonc\u00e9es sur  <a href=\"https:\/\/ottawa.loveyourrug.ca\/fr\/\">ottawa.loveyourrug.ca<\/a> \u00e0 la date de la mise \u00e0 jour annuelle du pr\u00e9sent document.<\/p>\n          <p>1.12 Dans l&rsquo;\u00e9ventualit\u00e9 o\u00f9 une nouvelle entreprise de nettoyage et de r\u00e9paration de tapis ouvre ses portes dans les zones g\u00e9ographiques sp\u00e9cifi\u00e9es, et que sa superficie est sup\u00e9rieure \u00e0 10 000 pieds carr\u00e9s, Love Your Rug Cleaning Ottawa retirera toute all\u00e9gation correspondante de son site Web sur demande \u00e9crite.<\/p>\n          <p>1.13 Dans le cas o\u00f9 un prospect, un client, un concurrent ou toute autre entit\u00e9 est en mesure de prouver qu&rsquo;il existe un plus grand \u00e9tablissement de nettoyage et de r\u00e9paration de tapis dans les zones g\u00e9ographiques sp\u00e9cifi\u00e9es, Love Your Rug Cleaning Ottawa retirera toute all\u00e9gation future de son site Web.<\/p>\n          <p>\n            <em>Ce document a \u00e9t\u00e9 mis \u00e0 jour en d\u00e9cembre 2015.<\/em>\n          <\/p>\n        \t\t\t\t\t\t\t\t<\/div>\n\t\t\t\t<\/div>\n\t\t\t\t\t<\/div>\n\t\t<\/div>\n\t\t\t\t\t<\/div>\n\t\t<\/section>\n\t\t\t\t<\/div>\n\t\t","protected":false},"excerpt":{"rendered":"<p>TABLE DES MATI\u00c8RES Pour nous assurer que nous pouvons fournir un environnement s\u00fbr et convivial \u00e0 tous nos utilisateurs, nous avons \u00e9tabli les pr\u00e9sentes CONDITIONS G\u00c9N\u00c9RALES. Il pr\u00e9cise ce que vous pouvez attendre de nous et ce que nous pouvons attendre de vous. VEUILLEZ LIRE ATTENTIVEMENT LES PR\u00c9SENTES CONDITIONS G\u00c9N\u00c9RALES AVANT D&rsquo;UTILISER CE SITE WEB. [&hellip;]<\/p>\n","protected":false},"author":1,"featured_media":0,"parent":0,"menu_order":0,"comment_status":"closed","ping_status":"closed","template":"elementor_header_footer","meta":{"footnotes":""},"class_list":["post-26059","page","type-page","status-publish","hentry"],"yoast_head":"<!-- This site is optimized with the Yoast SEO plugin v27.3 - https:\/\/yoast.com\/product\/yoast-seo-wordpress\/ -->\n<title>Conditions d&#039;utilisation du site Web Love Your Rug Ottawa<\/title>\n<meta name=\"description\" content=\"Conditions g\u00e9n\u00e9rales de Love Your Rug Ottawa. D\u00e9couvrez nos conditions \u00e9thiques qui assurent la s\u00e9curit\u00e9 de nos clients et la prosp\u00e9rit\u00e9 de notre entreprise.\" \/>\n<meta name=\"robots\" content=\"index, follow, max-snippet:-1, max-image-preview:large, max-video-preview:-1\" \/>\n<link rel=\"canonical\" href=\"https:\/\/ottawa.loveyourrug.ca\/fr\/modalites-et-conditions\/\" \/>\n<meta name=\"twitter:label1\" content=\"Dur\u00e9e de lecture estim\u00e9e\" \/>\n\t<meta name=\"twitter:data1\" content=\"7 minutes\" \/>\n<script type=\"application\/ld+json\" class=\"yoast-schema-graph\">{\"@context\":\"https:\\\/\\\/schema.org\",\"@graph\":[{\"@type\":\"WebPage\",\"@id\":\"https:\\\/\\\/ottawa.loveyourrug.ca\\\/fr\\\/modalites-et-conditions\\\/\",\"url\":\"https:\\\/\\\/ottawa.loveyourrug.ca\\\/fr\\\/modalites-et-conditions\\\/\",\"name\":\"Conditions d'utilisation du site Web Love Your Rug Ottawa\",\"isPartOf\":{\"@id\":\"https:\\\/\\\/ottawa.loveyourrug.ca\\\/fr\\\/#website\"},\"datePublished\":\"2019-08-02T17:27:19+00:00\",\"dateModified\":\"2022-11-22T10:01:35+00:00\",\"description\":\"Conditions g\u00e9n\u00e9rales de Love Your Rug Ottawa. D\u00e9couvrez nos conditions \u00e9thiques qui assurent la s\u00e9curit\u00e9 de nos clients et la prosp\u00e9rit\u00e9 de notre entreprise.\",\"inLanguage\":\"fr-FR\",\"potentialAction\":[{\"@type\":\"ReadAction\",\"target\":[\"https:\\\/\\\/ottawa.loveyourrug.ca\\\/fr\\\/modalites-et-conditions\\\/\"]}]},{\"@type\":\"WebSite\",\"@id\":\"https:\\\/\\\/ottawa.loveyourrug.ca\\\/fr\\\/#website\",\"url\":\"https:\\\/\\\/ottawa.loveyourrug.ca\\\/fr\\\/\",\"name\":\"Love Your Rug Ottawa\",\"description\":\"\",\"publisher\":{\"@id\":\"https:\\\/\\\/ottawa.loveyourrug.ca\\\/fr\\\/#organization\"},\"potentialAction\":[{\"@type\":\"SearchAction\",\"target\":{\"@type\":\"EntryPoint\",\"urlTemplate\":\"https:\\\/\\\/ottawa.loveyourrug.ca\\\/fr\\\/?s={search_term_string}\"},\"query-input\":{\"@type\":\"PropertyValueSpecification\",\"valueRequired\":true,\"valueName\":\"search_term_string\"}}],\"inLanguage\":\"fr-FR\"},{\"@type\":\"Organization\",\"@id\":\"https:\\\/\\\/ottawa.loveyourrug.ca\\\/fr\\\/#organization\",\"name\":\"Love Your Rug Ottawa\",\"url\":\"https:\\\/\\\/ottawa.loveyourrug.ca\\\/fr\\\/\",\"logo\":{\"@type\":\"ImageObject\",\"inLanguage\":\"fr-FR\",\"@id\":\"https:\\\/\\\/ottawa.loveyourrug.ca\\\/fr\\\/#\\\/schema\\\/logo\\\/image\\\/\",\"url\":\"https:\\\/\\\/ottawa.loveyourrug.ca\\\/wp-content\\\/uploads\\\/2025\\\/07\\\/love-your-rug-ottawa-logo-1.svg\",\"contentUrl\":\"https:\\\/\\\/ottawa.loveyourrug.ca\\\/wp-content\\\/uploads\\\/2025\\\/07\\\/love-your-rug-ottawa-logo-1.svg\",\"caption\":\"Love Your Rug Ottawa\"},\"image\":{\"@id\":\"https:\\\/\\\/ottawa.loveyourrug.ca\\\/fr\\\/#\\\/schema\\\/logo\\\/image\\\/\"}}]}<\/script>\n<!-- \/ Yoast SEO plugin. -->","yoast_head_json":{"title":"Conditions d'utilisation du site Web Love Your Rug Ottawa","description":"Conditions g\u00e9n\u00e9rales de Love Your Rug Ottawa. D\u00e9couvrez nos conditions \u00e9thiques qui assurent la s\u00e9curit\u00e9 de nos clients et la prosp\u00e9rit\u00e9 de notre entreprise.","robots":{"index":"index","follow":"follow","max-snippet":"max-snippet:-1","max-image-preview":"max-image-preview:large","max-video-preview":"max-video-preview:-1"},"canonical":"https:\/\/ottawa.loveyourrug.ca\/fr\/modalites-et-conditions\/","twitter_misc":{"Dur\u00e9e de lecture estim\u00e9e":"7 minutes"},"schema":{"@context":"https:\/\/schema.org","@graph":[{"@type":"WebPage","@id":"https:\/\/ottawa.loveyourrug.ca\/fr\/modalites-et-conditions\/","url":"https:\/\/ottawa.loveyourrug.ca\/fr\/modalites-et-conditions\/","name":"Conditions d'utilisation du site Web Love Your Rug Ottawa","isPartOf":{"@id":"https:\/\/ottawa.loveyourrug.ca\/fr\/#website"},"datePublished":"2019-08-02T17:27:19+00:00","dateModified":"2022-11-22T10:01:35+00:00","description":"Conditions g\u00e9n\u00e9rales de Love Your Rug Ottawa. D\u00e9couvrez nos conditions \u00e9thiques qui assurent la s\u00e9curit\u00e9 de nos clients et la prosp\u00e9rit\u00e9 de notre entreprise.","inLanguage":"fr-FR","potentialAction":[{"@type":"ReadAction","target":["https:\/\/ottawa.loveyourrug.ca\/fr\/modalites-et-conditions\/"]}]},{"@type":"WebSite","@id":"https:\/\/ottawa.loveyourrug.ca\/fr\/#website","url":"https:\/\/ottawa.loveyourrug.ca\/fr\/","name":"Love Your Rug Ottawa","description":"","publisher":{"@id":"https:\/\/ottawa.loveyourrug.ca\/fr\/#organization"},"potentialAction":[{"@type":"SearchAction","target":{"@type":"EntryPoint","urlTemplate":"https:\/\/ottawa.loveyourrug.ca\/fr\/?s={search_term_string}"},"query-input":{"@type":"PropertyValueSpecification","valueRequired":true,"valueName":"search_term_string"}}],"inLanguage":"fr-FR"},{"@type":"Organization","@id":"https:\/\/ottawa.loveyourrug.ca\/fr\/#organization","name":"Love Your Rug Ottawa","url":"https:\/\/ottawa.loveyourrug.ca\/fr\/","logo":{"@type":"ImageObject","inLanguage":"fr-FR","@id":"https:\/\/ottawa.loveyourrug.ca\/fr\/#\/schema\/logo\/image\/","url":"https:\/\/ottawa.loveyourrug.ca\/wp-content\/uploads\/2025\/07\/love-your-rug-ottawa-logo-1.svg","contentUrl":"https:\/\/ottawa.loveyourrug.ca\/wp-content\/uploads\/2025\/07\/love-your-rug-ottawa-logo-1.svg","caption":"Love Your Rug Ottawa"},"image":{"@id":"https:\/\/ottawa.loveyourrug.ca\/fr\/#\/schema\/logo\/image\/"}}]}},"_links":{"self":[{"href":"https:\/\/ottawa.loveyourrug.ca\/fr\/wp-json\/wp\/v2\/pages\/26059","targetHints":{"allow":["GET"]}}],"collection":[{"href":"https:\/\/ottawa.loveyourrug.ca\/fr\/wp-json\/wp\/v2\/pages"}],"about":[{"href":"https:\/\/ottawa.loveyourrug.ca\/fr\/wp-json\/wp\/v2\/types\/page"}],"author":[{"embeddable":true,"href":"https:\/\/ottawa.loveyourrug.ca\/fr\/wp-json\/wp\/v2\/users\/1"}],"replies":[{"embeddable":true,"href":"https:\/\/ottawa.loveyourrug.ca\/fr\/wp-json\/wp\/v2\/comments?post=26059"}],"version-history":[{"count":0,"href":"https:\/\/ottawa.loveyourrug.ca\/fr\/wp-json\/wp\/v2\/pages\/26059\/revisions"}],"wp:attachment":[{"href":"https:\/\/ottawa.loveyourrug.ca\/fr\/wp-json\/wp\/v2\/media?parent=26059"}],"curies":[{"name":"wp","href":"https:\/\/api.w.org\/{rel}","templated":true}]}}